{"id":444,"date":"2023-09-01T17:31:20","date_gmt":"2023-09-01T17:31:20","guid":{"rendered":"https:\/\/haveldervielfalt.de\/?page_id=444"},"modified":"2023-09-01T17:31:20","modified_gmt":"2023-09-01T17:31:20","slug":"lale","status":"publish","type":"page","link":"https:\/\/staging.haveldervielfalt.de\/?page_id=444","title":{"rendered":"Lale"},"content":{"rendered":"\n<p>Ich rede in dieser Rede von Queer- und Bifeindlichkeit und nenne kurz Statistiken zu sexualisierter Gewalt. Wenn du das nicht gut h\u00f6ren kannst, mache dir vielleicht Musik auf die Ohren oder entferne dich kurz von der Demo.<\/p>\n\n\n\n<p>\u2013 pause \u2013<\/p>\n\n\n\n<p>H\u00e4ttest du mich mit meiner Freundin gesehen, h\u00e4ttest du vermutlich gedacht, ich bin lesbisch.<\/p>\n\n\n\n<p>H\u00e4ttest du mich mit meiner als m\u00e4nnlich gelesenen Beziehungsperson gesehen, h\u00e4ttest du vielleicht gedacht, ich bin straight.<\/p>\n\n\n\n<p>Beides ist falsch.<\/p>\n\n\n\n<p>Nicht nur misgenderst du m\u00f6glicherweise die Menschen, die mir am Herzen liegen, nein, du machst auch mich und meine Sexualit\u00e4t unsichtbar.<\/p>\n\n\n\n<p>Ich bin bisexuell. Ich bin queer.<\/p>\n\n\n\n<p>Ich liebe und finde Menschen unterschiedlicher Geschlechter anziehend.<\/p>\n\n\n\n<p>Nein, ich bin nicht trans*feindlich.<\/p>\n\n\n\n<p>Ja, das Bi in Bisexualit\u00e4t steht f\u00fcr zwei, meint aber damit nicht Frauen und M\u00e4nner, sondern gleich und anders.<\/p>\n\n\n\n<p>Oder wie Robyn Ochs auch sagt:<\/p>\n\n\n\n<p><em>I call myself bisexual because I acknowledge that I have in myself the potential to be attracted \u2013 romantically and\/or sexually \u2013 to people of more than one gender, not necessarily at the same time, not necessarily in the same way, and not necessarily to the same degree.<\/em><\/p>\n\n\n\n<p><em>For me, the <\/em>bi<em> in bisexual refers to the potential for attraction to people with genders similar to and different from my own.<\/em><\/p>\n\n\n\n<p>Bisexualit\u00e4t ist keine Phase und wenn sie es doch f\u00fcr manche Menschen ist, die sich dann mit einem anderen Label wohler f\u00fchlen \u2013 so what? Das macht das sexuelle und emotionale Begehren von allen anderen bisexuellen Menschen nicht weniger valid.<\/p>\n\n\n\n<p>Bisexuelle Menschen k\u00f6nnen, genauso wie monosexuelle Menschen in geschlossenen, offenen oder polyamoren Beziehungen leben, das geht nur sie etwas an.<\/p>\n\n\n\n<p>Bisexuelle Menschen sind nicht untreu, gierig oder k\u00f6nnen sich nicht entscheiden.<\/p>\n\n\n\n<p>Ich entscheide mich immer wieder \u2013 f\u00fcr einen Menschen.<\/p>\n\n\n\n<p>Wenn ich mit einer Person bin, die du als m\u00e4nnlich liest, macht mich das nicht weniger queer. Ich bin immer queer, egal mit wem ich zusammen bin \u2013 ob dir das passt oder nicht.<\/p>\n\n\n\n<p>Wenn ich mit einer von dir als weiblich gelesenen Person zusammen bin, macht mich das nicht lesbisch, ich bin immer noch bi.<\/p>\n\n\n\n<p>Queerfeindlichkeit ist f\u00fcr mich genauso schmerzhaft wie Bifeindlichkeit.<\/p>\n\n\n\n<p>Von hetero Menschen diskrimininiert zu werden, f\u00fchlt sich f\u00fcr mich manchmal weniger schmerzhaft an, als von queeren Personen unsichtbar gemacht zu werden, meine Sexualit\u00e4t abgesprochen zu bekommen oder aus queeren R\u00e4umen ausgeschlossen zu werden.<\/p>\n\n\n\n<p>Noch immer f\u00fchle ich mich unter monosexuellen Menschen weniger sicher, als unter bisexuellen Menschen, egal ob das meine Lezziefriends oder straighte Arbeitskolleg*innen sind.<\/p>\n\n\n\n<p>Noch immer outen sich bisexuelle Menschen seltener als monosexuelle Menschen. Bisexuelle Frauen haben ein deutlich h\u00f6heres Risiko, in ihrem Leben Opfer von Vergewaltigung, sexualierter und\/oder k\u00f6rperlicher Gewalt und\/oder Stalking durch eine*n Intimpartner*in zu werden als vergleichsweise heterosexuelle Frauen oder Lesben und leiden h\u00e4ufiger als andere sexuelle Minderheiten unter psychischen Erkrankungen<sup>1<\/sup>. Zu nicht-bin\u00e4ren bisexuellen Menschen fehlen bislang noch Studien.<\/p>\n\n\n\n<p>Immer wieder h\u00f6re ich, ich muss mich entscheiden \u2013 dabei will ich das gar nicht. That\u2019s the thing.<br>Ja, ich habe eine Pr\u00e4fenz f\u00fcr weiblich pr\u00e4sentierende Menschen, aber das macht meine Anziehung zu anderen Geschlechtern nicht weniger valid.<\/p>\n\n\n\n<p>Ich liebe bunt \u2013 ich lebe queer.<\/p>\n\n\n\n<p>Ich bin bi \u2013 und das ist wunderbar. Manchmal schmerzhaft, manchmal verwirrend \u2013 aber immer: <em>echt<\/em>.<\/p>\n\n\n\n<p><sup>1<\/sup> Diese und weitere Studien finden sich in dem Buch \u201eBi \u2013 vielf\u00e4ltige Liebe entdecken\u201c von Julia Shaw.<\/p>\n","protected":false},"excerpt":{"rendered":"<p>Ich rede in dieser Rede von Queer- und Bifeindlichkeit und nenne kurz Statistiken zu sexualisierter Gewalt. Wenn du das nicht gut h\u00f6ren kannst, mache dir vielleicht Musik auf die Ohren oder entferne dich kurz&#46;&#46;&#46;<\/p>\n","protected":false},"author":2,"featured_media":0,"parent":433,"menu_order":0,"comment_status":"closed","ping_status":"closed","template":"","meta":{"footnotes":""},"class_list":["post-444","page","type-page","status-publish","hentry"],"_links":{"self":[{"href":"https:\/\/staging.haveldervielfalt.de\/index.php?rest_route=\/wp\/v2\/pages\/444","targetHints":{"allow":["GET"]}}],"collection":[{"href":"https:\/\/staging.haveldervielfalt.de\/index.php?rest_route=\/wp\/v2\/pages"}],"about":[{"href":"https:\/\/staging.haveldervielfalt.de\/index.php?rest_route=\/wp\/v2\/types\/page"}],"author":[{"embeddable":true,"href":"https:\/\/staging.haveldervielfalt.de\/index.php?rest_route=\/wp\/v2\/users\/2"}],"replies":[{"embeddable":true,"href":"https:\/\/staging.haveldervielfalt.de\/index.php?rest_route=%2Fwp%2Fv2%2Fcomments&post=444"}],"version-history":[{"count":0,"href":"https:\/\/staging.haveldervielfalt.de\/index.php?rest_route=\/wp\/v2\/pages\/444\/revisions"}],"up":[{"embeddable":true,"href":"https:\/\/staging.haveldervielfalt.de\/index.php?rest_route=\/wp\/v2\/pages\/433"}],"wp:attachment":[{"href":"https:\/\/staging.haveldervielfalt.de\/index.php?rest_route=%2Fwp%2Fv2%2Fmedia&parent=444"}],"curies":[{"name":"wp","href":"https:\/\/api.w.org\/{rel}","templated":true}]}}