{"id":189,"date":"2022-07-07T18:34:44","date_gmt":"2022-07-07T18:34:44","guid":{"rendered":"https:\/\/haveldervielfalt.de\/?page_id=189"},"modified":"2022-07-07T18:34:44","modified_gmt":"2022-07-07T18:34:44","slug":"blog","status":"publish","type":"page","link":"https:\/\/staging.haveldervielfalt.de\/?page_id=189","title":{"rendered":"Blog"},"content":{"rendered":"\n<div class=\"wp-block-query is-layout-flow wp-block-query-is-layout-flow\"><ul class=\"wp-block-post-template is-layout-flow wp-block-post-template-is-layout-flow\"><li class=\"wp-block-post post-1165 post type-post status-publish format-standard hentry category-demo\">\n<h2 class=\"wp-block-post-title\"><a href=\"https:\/\/staging.haveldervielfalt.de\/?p=1165\" target=\"_self\" >Unsere Teilnahme an der 11. \u201eBehindert und verr\u00fcckt feiern\u201c Pride Parade.<\/a><\/h2>\n\n\n\n<div class=\"wp-block-post-excerpt\"><p class=\"wp-block-post-excerpt__excerpt\">&#8220;Liebe Stumme, liebe Taube, liebe Blinde, liebe normalgest\u00f6rte&#8221;, so begann die 11. \u201ebehindert und verr\u00fcckt feiern\u201c Pride Parade am 13.07. in Berlin an der Hasenheide. Mit Moderation auch in Geb\u00e4rdensprache, dass es f\u00fcr alle&#46;&#46;&#46; <\/p><\/div>\n\n\n<hr class=\"wp-block-separator has-css-opacity\"\/>\n\n\n<div class=\"wp-block-post-date\"><time datetime=\"2024-07-18T19:19:04+01:00\">Juli 18, 2024<\/time><\/div>\n<\/li><li class=\"wp-block-post post-1096 post type-post status-publish format-standard hentry category-demo\">\n<h2 class=\"wp-block-post-title\"><a href=\"https:\/\/staging.haveldervielfalt.de\/?p=1096\" target=\"_self\" >Unsere Teilnahme am CSD Brandenburg an der Havel<\/a><\/h2>\n\n\n\n<div class=\"wp-block-post-excerpt\"><p class=\"wp-block-post-excerpt__excerpt\">Liebe Queers and Friends, vielen Dank f\u00fcr diesen unglaublichen CSD Brandenburg an der Havel! Ca. 320 Personen haben mit uns gemeinsam f\u00fcr ein vielf\u00e4ltiges Brandenburg demonstriert. Trotz technischer Probleme, aber bei bestem Wetter, sind&#46;&#46;&#46; <\/p><\/div>\n\n\n<hr class=\"wp-block-separator has-css-opacity\"\/>\n\n\n<div class=\"wp-block-post-date\"><time datetime=\"2024-07-10T17:09:07+01:00\">Juli 10, 2024<\/time><\/div>\n<\/li><li class=\"wp-block-post post-1072 post type-post status-publish format-standard hentry category-demo\">\n<h2 class=\"wp-block-post-title\"><a href=\"https:\/\/staging.haveldervielfalt.de\/?p=1072\" target=\"_self\" >Unsere Teilnahme am 16. CSD in Cottbus am 29.06.2024<\/a><\/h2>\n\n\n\n<div class=\"wp-block-post-excerpt\"><p class=\"wp-block-post-excerpt__excerpt\">Der 2. CSD am 29.06 und 16. in Cottbus war trotz drohender Absage ein voller Erfolg.Es gab viele, auch mehrsprachigen Redebeitr\u00e4ge, besonders vom Orga-Team des CSD Cottbus, aber auch von angereisten Sprecher*innen wie Lars&#46;&#46;&#46; <\/p><\/div>\n\n\n<hr class=\"wp-block-separator has-css-opacity\"\/>\n\n\n<div class=\"wp-block-post-date\"><time datetime=\"2024-07-10T16:36:11+01:00\">Juli 10, 2024<\/time><\/div>\n<\/li><\/ul><\/div>\n","protected":false},"excerpt":{"rendered":"","protected":false},"author":3,"featured_media":0,"parent":0,"menu_order":0,"comment_status":"closed","ping_status":"closed","template":"","meta":{"footnotes":""},"class_list":["post-189","page","type-page","status-publish","hentry"],"_links":{"self":[{"href":"https:\/\/staging.haveldervielfalt.de\/index.php?rest_route=\/wp\/v2\/pages\/189","targetHints":{"allow":["GET"]}}],"collection":[{"href":"https:\/\/staging.haveldervielfalt.de\/index.php?rest_route=\/wp\/v2\/pages"}],"about":[{"href":"https:\/\/staging.haveldervielfalt.de\/index.php?rest_route=\/wp\/v2\/types\/page"}],"author":[{"embeddable":true,"href":"https:\/\/staging.haveldervielfalt.de\/index.php?rest_route=\/wp\/v2\/users\/3"}],"replies":[{"embeddable":true,"href":"https:\/\/staging.haveldervielfalt.de\/index.php?rest_route=%2Fwp%2Fv2%2Fcomments&post=189"}],"version-history":[{"count":0,"href":"https:\/\/staging.haveldervielfalt.de\/index.php?rest_route=\/wp\/v2\/pages\/189\/revisions"}],"wp:attachment":[{"href":"https:\/\/staging.haveldervielfalt.de\/index.php?rest_route=%2Fwp%2Fv2%2Fmedia&parent=189"}],"curies":[{"name":"wp","href":"https:\/\/api.w.org\/{rel}","templated":true}]}}